{"id":76,"date":"2020-06-30T19:48:40","date_gmt":"2020-06-30T19:48:40","guid":{"rendered":"https:\/\/ibmusinagem.com.br\/?page_id=76"},"modified":"2024-05-22T12:10:07","modified_gmt":"2024-05-22T12:10:07","slug":"sobre-nos","status":"publish","type":"page","link":"https:\/\/tritonbatatais.com.br\/index.php\/sobre-nos\/","title":{"rendered":"Sobre N\u00f3s"},"content":{"rendered":"\t\t<div data-elementor-type=\"wp-page\" data-elementor-id=\"76\" class=\"elementor elementor-76\" data-elementor-settings=\"[]\">\n\t\t\t<div class=\"elementor-inner\">\n\t\t\t\t<div class=\"elementor-section-wrap\">\n\t\t\t\t\t\t\t<section class=\"elementor-element elementor-element-25ab1d69 elementor-section-stretched elementor-section-full_width elementor-section-height-default elementor-section-height-default elementor-section elementor-top-section\" data-id=\"25ab1d69\" data-element_type=\"section\" data-settings=\"{&quot;stretch_section&quot;:&quot;section-stretched&quot;}\">\n\t\t\t\t\t\t<div class=\"elementor-container elementor-column-gap-default\">\n\t\t\t\t<div class=\"elementor-row\">\n\t\t\t\t<div class=\"elementor-element elementor-element-29015dc2 elementor-column elementor-col-100 elementor-top-column\" data-id=\"29015dc2\" data-element_type=\"column\">\n\t\t\t<div class=\"elementor-column-wrap  elementor-element-populated\">\n\t\t\t\t\t<div class=\"elementor-widget-wrap\">\n\t\t\t\t<div class=\"elementor-element elementor-element-738cda88 elementor-widget elementor-widget-image\" data-id=\"738cda88\" data-element_type=\"widget\" data-widget_type=\"image.default\">\n\t\t\t\t<div class=\"elementor-widget-container\">\n\t\t\t\t\t<div class=\"elementor-image\">\n\t\t\t\t\t\t\t\t\t\t<img loading=\"lazy\" decoding=\"async\" width=\"1499\" height=\"550\" src=\"https:\/\/tritonbatatais.com.br\/wp-content\/uploads\/2024\/05\/triton-1.jpg\" class=\"attachment-full size-full\" alt=\"\" srcset=\"https:\/\/tritonbatatais.com.br\/wp-content\/uploads\/2024\/05\/triton-1.jpg 1499w, https:\/\/tritonbatatais.com.br\/wp-content\/uploads\/2024\/05\/triton-1-300x110.jpg 300w, https:\/\/tritonbatatais.com.br\/wp-content\/uploads\/2024\/05\/triton-1-1024x376.jpg 1024w, https:\/\/tritonbatatais.com.br\/wp-content\/uploads\/2024\/05\/triton-1-768x282.jpg 768w, https:\/\/tritonbatatais.com.br\/wp-content\/uploads\/2024\/05\/triton-1-600x220.jpg 600w, https:\/\/tritonbatatais.com.br\/wp-content\/uploads\/2024\/05\/triton-1-64x23.jpg 64w\" sizes=\"auto, (max-width: 1499px) 100vw, 1499px\" \/>\t\t\t\t\t\t\t\t\t\t\t<\/div>\n\t\t\t\t<\/div>\n\t\t\t\t<\/div>\n\t\t\t\t\t\t<\/div>\n\t\t\t<\/div>\n\t\t<\/div>\n\t\t\t\t\t\t<\/div>\n\t\t\t<\/div>\n\t\t<\/section>\n\t\t\t\t<section class=\"elementor-element elementor-element-1bb91eca elementor-section-stretched elementor-section-full_width elementor-section-height-default elementor-section-height-default elementor-section elementor-top-section\" data-id=\"1bb91eca\" data-element_type=\"section\" data-settings=\"{&quot;stretch_section&quot;:&quot;section-stretched&quot;}\">\n\t\t\t\t\t\t<div class=\"elementor-container elementor-column-gap-default\">\n\t\t\t\t<div class=\"elementor-row\">\n\t\t\t\t<div class=\"elementor-element elementor-element-148e14e3 elementor-column elementor-col-100 elementor-top-column\" data-id=\"148e14e3\" data-element_type=\"column\">\n\t\t\t<div class=\"elementor-column-wrap  elementor-element-populated\">\n\t\t\t\t\t<div class=\"elementor-widget-wrap\">\n\t\t\t\t<div class=\"elementor-element elementor-element-756f2e5c elementor-widget elementor-widget-text-editor\" data-id=\"756f2e5c\" data-element_type=\"widget\" data-widget_type=\"text-editor.default\">\n\t\t\t\t<div class=\"elementor-widget-container\">\n\t\t\t\t\t<div class=\"elementor-text-editor elementor-clearfix\"><p><strong>Hist\u00f3ria<\/strong><\/p><p>Com uma trajet\u00f3ria de excel\u00eancia, a Triton se destaca como refer\u00eancia no com\u00e9rcio de produtos minerais. A Triton oferece uma ampla gama de materiais essenciais para fundi\u00e7\u00e3o e usinagem, incluindo soldas, brocas, ferramentas el\u00e9tricas e manuais, al\u00e9m de pe\u00e7as para jato, abrasivos, EPIs, entre outros.<\/p><p>A opera\u00e7\u00e3o da Triton \u00e9 impulsionada pelos mais modernos equipamentos, garantindo assim entregas r\u00e1pidas e eficientes. Ao considerar suas pr\u00f3ximas cota\u00e7\u00f5es de materiais, contem com a Triton para oferecer condi\u00e7\u00f5es diferenciadas que facilitem suas compras.<\/p><p><span style=\"font-style: inherit; font-weight: inherit; background-color: var(--ast-global-color-5);\">A Triton conta com uma infraestrutura moderna e uma gest\u00e3o eficaz que permite atender \u00e0s demandas do mercado nacional. Qualidade, variedade, responsabilidade e inova\u00e7\u00e3o s\u00e3o os pilares que sustentam a Triton, buscando sempre superar as expectativas dos clientes.<\/span><\/p><p>A Triton investe continuamente em tecnologia de ponta para aprimorar nossos processos produtivos e servi\u00e7os, garantindo que cada produto passe por rigorosos controles de qualidade antes de chegar \u00e0s m\u00e3os dos clientes.<\/p><\/div>\n\t\t\t\t<\/div>\n\t\t\t\t<\/div>\n\t\t\t\t\t\t<\/div>\n\t\t\t<\/div>\n\t\t<\/div>\n\t\t\t\t\t\t<\/div>\n\t\t\t<\/div>\n\t\t<\/section>\n\t\t\t\t<section class=\"elementor-element elementor-element-35ff8cfb elementor-section-stretched elementor-section-full_width elementor-section-height-default elementor-section-height-default elementor-section elementor-top-section\" data-id=\"35ff8cfb\" data-element_type=\"section\" data-settings=\"{&quot;stretch_section&quot;:&quot;section-stretched&quot;}\">\n\t\t\t\t\t\t<div class=\"elementor-container elementor-column-gap-default\">\n\t\t\t\t<div class=\"elementor-row\">\n\t\t\t\t<div class=\"elementor-element elementor-element-597a6c1e elementor-column elementor-col-100 elementor-top-column\" data-id=\"597a6c1e\" data-element_type=\"column\">\n\t\t\t<div class=\"elementor-column-wrap  elementor-element-populated\">\n\t\t\t\t\t<div class=\"elementor-widget-wrap\">\n\t\t\t\t<div class=\"elementor-element elementor-element-48724ee0 elementor-widget elementor-widget-text-editor\" data-id=\"48724ee0\" data-element_type=\"widget\" data-widget_type=\"text-editor.default\">\n\t\t\t\t<div class=\"elementor-widget-container\">\n\t\t\t\t\t<div class=\"elementor-text-editor elementor-clearfix\"><p><strong>Miss\u00e3o<\/strong><\/p><p>\u201cNa Triton, nossa miss\u00e3o \u00e9 atender e superar as expectativas de nossos clientes e parceiros, oferecendo produtos que reflitam a qualidade exemplar da Triton. Comprometemo-nos a manter altos padr\u00f5es de responsabilidade e qualidade em todas as etapas, garantindo a satisfa\u00e7\u00e3o de nossos clientes em todos os momentos. Buscamos operar com respeito, responsabilidade social e ambiental, assegurando que nossas atividades contribuam positivamente para a comunidade e para o meio ambiente. Esta miss\u00e3o \u00e9 a base de nossa dedica\u00e7\u00e3o em proporcionar excel\u00eancia em tudo o que fazemos, desde a sele\u00e7\u00e3o cuidadosa de nossos produtos at\u00e9 o servi\u00e7o ao cliente, sempre com um compromisso inabal\u00e1vel com a qualidade e a integridade em todas as nossas opera\u00e7\u00f5es.\u201d<\/p><p><strong>Vis\u00e3o<\/strong><\/p><p>&#8220;Na Triton, nossa vis\u00e3o \u00e9 ser reconhecida como uma das principais empresas do mercado nacional e internacional de com\u00e9rcio de produtos minerais, destacando-nos pelo compromisso constante com a melhoria cont\u00ednua, sustentabilidade, respeito e rentabilidade em todas as nossas opera\u00e7\u00f5es. Nosso objetivo \u00e9 oferecer produtos de alta qualidade que atendam e superem as expectativas de nossos clientes.&#8221;<\/p><p><strong>Valores<\/strong><\/p><ul><li>Respeito aos Clientes e Parceiros;<\/li><li>Respeito ao Meio Ambiente;<\/li><li>Responsabilidade Social;<\/li><li>Excel\u00eancia e Qualidade;<\/li><li>Respeito \u00e0s normas em vigor;<\/li><li>Melhoria cont\u00ednua;<\/li><li>Dedica\u00e7\u00e3o e trabalho.<\/li><\/ul><\/div>\n\t\t\t\t<\/div>\n\t\t\t\t<\/div>\n\t\t\t\t\t\t<\/div>\n\t\t\t<\/div>\n\t\t<\/div>\n\t\t\t\t\t\t<\/div>\n\t\t\t<\/div>\n\t\t<\/section>\n\t\t\t\t<section class=\"elementor-element elementor-element-783ea511 elementor-section-boxed elementor-section-height-default elementor-section-height-default elementor-section elementor-top-section\" data-id=\"783ea511\" data-element_type=\"section\">\n\t\t\t\t\t\t<div class=\"elementor-container elementor-column-gap-default\">\n\t\t\t\t<div class=\"elementor-row\">\n\t\t\t\t<div class=\"elementor-element elementor-element-47805b96 elementor-column elementor-col-100 elementor-top-column\" data-id=\"47805b96\" data-element_type=\"column\">\n\t\t\t<div class=\"elementor-column-wrap  elementor-element-populated\">\n\t\t\t\t\t<div class=\"elementor-widget-wrap\">\n\t\t\t\t<div class=\"elementor-element elementor-element-6eb856a6 elementor-widget elementor-widget-spacer\" data-id=\"6eb856a6\" data-element_type=\"widget\" data-widget_type=\"spacer.default\">\n\t\t\t\t<div class=\"elementor-widget-container\">\n\t\t\t\t\t<div class=\"elementor-spacer\">\n\t\t\t<div class=\"elementor-spacer-inner\"><\/div>\n\t\t<\/div>\n\t\t\t\t<\/div>\n\t\t\t\t<\/div>\n\t\t\t\t\t\t<\/div>\n\t\t\t<\/div>\n\t\t<\/div>\n\t\t\t\t\t\t<\/div>\n\t\t\t<\/div>\n\t\t<\/section>\n\t\t\t\t<section class=\"elementor-element elementor-element-34f3c46a elementor-section-stretched elementor-section-full_width elementor-section-height-default elementor-section-height-default elementor-section elementor-top-section\" data-id=\"34f3c46a\" data-element_type=\"section\" data-settings=\"{&quot;stretch_section&quot;:&quot;section-stretched&quot;}\">\n\t\t\t\t\t\t<div class=\"elementor-container elementor-column-gap-default\">\n\t\t\t\t<div class=\"elementor-row\">\n\t\t\t\t<div class=\"elementor-element elementor-element-47708bbe elementor-column elementor-col-100 elementor-top-column\" data-id=\"47708bbe\" data-element_type=\"column\">\n\t\t\t<div class=\"elementor-column-wrap  elementor-element-populated\">\n\t\t\t\t\t<div class=\"elementor-widget-wrap\">\n\t\t\t\t<div class=\"elementor-element elementor-element-d5056f2 elementor-widget elementor-widget-shortcode\" data-id=\"d5056f2\" data-element_type=\"widget\" data-widget_type=\"shortcode.default\">\n\t\t\t\t<div class=\"elementor-widget-container\">\n\t\t\t\t\t<div class=\"elementor-shortcode\"><iframe src=\"https:\/\/www.google.com\/maps\/embed?pb=!1m18!1m12!1m3!1d3727.161099278553!2d-47.5804907!3d-20.905837299999998!2m3!1f0!2f0!3f0!3m2!1i1024!2i768!4f13.1!3m3!1m2!1s0x94b9fb144a907c1f%3A0x5118ee2ef9e54bc6!2sTriton%20Batatais%20Produtos%20de%20Epi%C2%B4s%20Abrasivos%20Ferramentas%20e%20Insumos%20para%20Fundi%C3%A7%C3%A3o!5e0!3m2!1spt-BR!2sbr!4v1669070262459!5m2!1spt-BR!2sbr\" width=\"600\" height=\"450\" style=\"border:0;\" allowfullscreen=\"\" loading=\"lazy\" referrerpolicy=\"no-referrer-when-downgrade\"><\/iframe><\/div>\n\t\t\t\t<\/div>\n\t\t\t\t<\/div>\n\t\t\t\t\t\t<\/div>\n\t\t\t<\/div>\n\t\t<\/div>\n\t\t\t\t\t\t<\/div>\n\t\t\t<\/div>\n\t\t<\/section>\n\t\t\t\t<section class=\"elementor-element elementor-element-5635f8fa elementor-section-stretched elementor-section-full_width elementor-section-height-default elementor-section-height-default elementor-section elementor-top-section\" data-id=\"5635f8fa\" data-element_type=\"section\" data-settings=\"{&quot;stretch_section&quot;:&quot;section-stretched&quot;}\">\n\t\t\t\t\t\t<div class=\"elementor-container elementor-column-gap-default\">\n\t\t\t\t<div class=\"elementor-row\">\n\t\t\t\t<div class=\"elementor-element elementor-element-469081e6 elementor-column elementor-col-100 elementor-top-column\" data-id=\"469081e6\" data-element_type=\"column\">\n\t\t\t<div class=\"elementor-column-wrap  elementor-element-populated\">\n\t\t\t\t\t<div class=\"elementor-widget-wrap\">\n\t\t\t\t<div class=\"elementor-element elementor-element-3e6039f3 elementor-widget elementor-widget-spacer\" data-id=\"3e6039f3\" data-element_type=\"widget\" data-widget_type=\"spacer.default\">\n\t\t\t\t<div class=\"elementor-widget-container\">\n\t\t\t\t\t<div class=\"elementor-spacer\">\n\t\t\t<div class=\"elementor-spacer-inner\"><\/div>\n\t\t<\/div>\n\t\t\t\t<\/div>\n\t\t\t\t<\/div>\n\t\t\t\t\t\t<\/div>\n\t\t\t<\/div>\n\t\t<\/div>\n\t\t\t\t\t\t<\/div>\n\t\t\t<\/div>\n\t\t<\/section>\n\t\t\t\t\t\t<\/div>\n\t\t\t<\/div>\n\t\t<\/div>\n\t\t","protected":false},"excerpt":{"rendered":"<p>Hist\u00f3ria Com uma trajet\u00f3ria de excel\u00eancia, a Triton se destaca como refer\u00eancia no com\u00e9rcio de produtos minerais. A Triton oferece uma ampla gama de materiais essenciais para fundi\u00e7\u00e3o e usinagem, incluindo soldas, brocas, ferramentas el\u00e9tricas e manuais, al\u00e9m de pe\u00e7as para jato, abrasivos, EPIs, entre outros. A opera\u00e7\u00e3o da Triton \u00e9 impulsionada pelos mais modernos &hellip;<\/p>\n<p class=\"read-more\"> <a class=\"\" href=\"https:\/\/tritonbatatais.com.br\/index.php\/sobre-nos\/\"> <span class=\"screen-reader-text\">Sobre N\u00f3s<\/span> Leia mais &raquo;<\/a><\/p>\n","protected":false},"author":1,"featured_media":0,"parent":0,"menu_order":0,"comment_status":"closed","ping_status":"closed","template":"","meta":{"site-sidebar-layout":"no-sidebar","site-content-layout":"page-builder","ast-global-header-display":"","ast-main-header-display":"","ast-hfb-above-header-display":"","ast-hfb-below-header-display":"","ast-hfb-mobile-header-display":"","site-post-title":"disabled","ast-breadcrumbs-content":"","ast-featured-img":"disabled","footer-sml-layout":"","theme-transparent-header-meta":"default","adv-header-id-meta":"","stick-header-meta":"","header-above-stick-meta":"","header-main-stick-meta":"","header-below-stick-meta":"","footnotes":""},"class_list":["post-76","page","type-page","status-publish","hentry"],"_links":{"self":[{"href":"https:\/\/tritonbatatais.com.br\/index.php\/wp-json\/wp\/v2\/pages\/76","targetHints":{"allow":["GET"]}}],"collection":[{"href":"https:\/\/tritonbatatais.com.br\/index.php\/wp-json\/wp\/v2\/pages"}],"about":[{"href":"https:\/\/tritonbatatais.com.br\/index.php\/wp-json\/wp\/v2\/types\/page"}],"author":[{"embeddable":true,"href":"https:\/\/tritonbatatais.com.br\/index.php\/wp-json\/wp\/v2\/users\/1"}],"replies":[{"embeddable":true,"href":"https:\/\/tritonbatatais.com.br\/index.php\/wp-json\/wp\/v2\/comments?post=76"}],"version-history":[{"count":9,"href":"https:\/\/tritonbatatais.com.br\/index.php\/wp-json\/wp\/v2\/pages\/76\/revisions"}],"predecessor-version":[{"id":849,"href":"https:\/\/tritonbatatais.com.br\/index.php\/wp-json\/wp\/v2\/pages\/76\/revisions\/849"}],"wp:attachment":[{"href":"https:\/\/tritonbatatais.com.br\/index.php\/wp-json\/wp\/v2\/media?parent=76"}],"curies":[{"name":"wp","href":"https:\/\/api.w.org\/{rel}","templated":true}]}}